{"id":649,"date":"2026-04-05T11:33:27","date_gmt":"2026-04-05T09:33:27","guid":{"rendered":"https:\/\/massages-et-naissance.com\/?page_id=649"},"modified":"2026-04-07T14:45:26","modified_gmt":"2026-04-07T12:45:26","slug":"mass","status":"publish","type":"page","link":"https:\/\/massages-et-naissance.com\/it\/mass\/","title":{"rendered":"Massaggio infantile"},"content":{"rendered":"\n<figure class=\"wp-block-image size-large\"><img decoding=\"async\" width=\"1024\" height=\"536\" data-src=\"https:\/\/massages-et-naissance.com\/wp-content\/uploads\/2026\/03\/bebes-1024x536.jpg\" alt=\"massage b\u00e9b\u00e9\" class=\"wp-image-25 lazyload\" data-srcset=\"https:\/\/massages-et-naissance.com\/wp-content\/uploads\/2026\/03\/bebes-1024x536.jpg 1024w, https:\/\/massages-et-naissance.com\/wp-content\/uploads\/2026\/03\/bebes-300x157.jpg 300w, https:\/\/massages-et-naissance.com\/wp-content\/uploads\/2026\/03\/bebes-768x402.jpg 768w, https:\/\/massages-et-naissance.com\/wp-content\/uploads\/2026\/03\/bebes-1536x804.jpg 1536w, https:\/\/massages-et-naissance.com\/wp-content\/uploads\/2026\/03\/bebes.jpg 1900w\" data-sizes=\"(max-width: 1024px) 100vw, 1024px\" src=\"data:image\/svg+xml;base64,PHN2ZyB3aWR0aD0iMSIgaGVpZ2h0PSIxIiB4bWxucz0iaHR0cDovL3d3dy53My5vcmcvMjAwMC9zdmciPjwvc3ZnPg==\" style=\"--smush-placeholder-width: 1024px; --smush-placeholder-aspect-ratio: 1024\/536;\" \/><\/figure>\n\n\n\n<p><a href=\"https:\/\/massages-et-naissance.com\/wp-content\/uploads\/2015\/09\/Noel-2011-311.gif\"><strong><\/strong><\/a><strong><\/strong><\/p>\n\n\n\n<p>Il massaggio infantile \u00e8 una pratica millenaria che permette di instaurare un legame affettivo e di ascoltare il linguaggio non verbale del bambino. Questa dolcezza trasmessa fin dalla prima infanzia offre al bambino un senso di sicurezza fondamentale per la vita.<\/p>\n\n\n\n<p>Il mio approccio combina tecniche di massaggio indiano, svedese e riflessologia, oltre a giochi che favoriscono l&#8217;autonomia e la fiducia in s\u00e9 stessi. I benefici sono molteplici: lenisce il pianto, facilita il sonno e favorisce l&#8217;aumento di peso. A livello fisico, stimola il sistema digestivo (coliche), immunitario e respiratorio. Allevia inoltre il dolore della dentizione e regola il sistema ormonale favorendo l&#8217;ossitocina, l&#8217;ormone dell&#8217;amore. Ogni gesto alimenta il legame e l&#8217;equilibrio generale del vostro bambino.<\/p>\n\n\n\n<p><strong>In pratica :<\/strong><\/p>\n\n\n\n<p>&#8211; Durante le lezioni imparerete a massaggiare il vostro bambino e i movimenti vi saranno mostrati su una bambola.<\/p>\n\n\n\n<p>&#8211; I corsi sono rivolti a bambini di et\u00e0 compresa tra 1 giorno e 1 anno e oltre.<\/p>\n\n\n\n<p>&#8211; Sono individuali o di gruppo e comprendono 3 incontri di 1 ora e 15 minuti.<\/p>\n\n\n\n<p>&#8211; A domicilio (20 \u20ac di spese di trasferta) o presso l&#8217;Espace Mauna, 349 av Louise, 1000 Bruxelles.<\/p>\n\n\n\n<p>Tariffe:<\/p>\n\n\n\n<p>La durata dell&#8217;incontro dipende dalla disponibilit\u00e0 del bambino<\/p>\n\n\n\n<p>&#8211; 3 incontri di 1 ora e 15 minuti: 180 \u20ac per le lezioni individuali.<\/p>\n\n\n\n<p>&#8211; 3 incontri di 1 ora e 15 minuti: 90 \u20ac a bambino a partire da 2 bambini.<\/p>\n\n\n\n<p>Potete creare il vostro gruppo.<\/p>\n\n\n\n<p class=\"has-medium-font-size\">Il corso deve essere pagato per intero al primo incontro.<\/p>\n\n\n\n<div class=\"wp-block-buttons is-layout-flex wp-block-buttons-is-layout-flex\">\n<div class=\"wp-block-button\"><a class=\"wp-block-button__link wp-element-button\" href=\"https:\/\/massages-et-naissance.com\/it\/contact-3\/\">Contattami<\/a><\/div>\n<\/div>\n","protected":false},"excerpt":{"rendered":"<p>Il massaggio infantile \u00e8 una pratica millenaria che permette di instaurare un legame affettivo e di ascoltare il linguaggio non verbale del bambino. Questa dolcezza trasmessa fin dalla prima infanzia offre al bambino un senso di sicurezza fondamentale per la vita. Il mio approccio combina tecniche di massaggio indiano, svedese e riflessologia, oltre a giochi [&hellip;]<\/p>\n","protected":false},"author":2,"featured_media":0,"parent":0,"menu_order":0,"comment_status":"closed","ping_status":"closed","template":"","meta":{"footnotes":""},"class_list":["post-649","page","type-page","status-publish","hentry"],"yoast_head":"<!-- This site is optimized with the Yoast SEO plugin v27.3 - https:\/\/yoast.com\/product\/yoast-seo-wordpress\/ -->\n<title>Massaggio infantile<\/title>\n<meta name=\"robots\" content=\"index, follow, max-snippet:-1, max-image-preview:large, max-video-preview:-1\" \/>\n<link rel=\"canonical\" href=\"https:\/\/massages-et-naissance.com\/it\/mass\/\" \/>\n<meta property=\"og:locale\" content=\"it_IT\" \/>\n<meta property=\"og:locale:alternate\" content=\"fr_FR\" \/>\n<meta property=\"og:type\" content=\"article\" \/>\n<meta property=\"og:title\" content=\"Massaggio infantile\" \/>\n<meta property=\"og:description\" content=\"Il massaggio infantile \u00e8 una pratica millenaria che permette di instaurare un legame affettivo e di ascoltare il linguaggio non verbale del bambino. Questa dolcezza trasmessa fin dalla prima infanzia offre al bambino un senso di sicurezza fondamentale per la vita. Il mio approccio combina tecniche di massaggio indiano, svedese e riflessologia, oltre a giochi [&hellip;]\" \/>\n<meta property=\"og:url\" content=\"https:\/\/massages-et-naissance.com\/it\/mass\/\" \/>\n<meta property=\"og:site_name\" content=\"Massages &amp; Naissance\" \/>\n<meta property=\"article:modified_time\" content=\"2026-04-07T12:45:26+00:00\" \/>\n<meta property=\"og:image\" content=\"https:\/\/massages-et-naissance.com\/wp-content\/uploads\/2026\/03\/bebes.jpg\" \/>\n\t<meta property=\"og:image:width\" content=\"1900\" \/>\n\t<meta property=\"og:image:height\" content=\"995\" \/>\n\t<meta property=\"og:image:type\" content=\"image\/jpeg\" \/>\n<meta name=\"twitter:card\" content=\"summary_large_image\" \/>\n<meta name=\"twitter:label1\" content=\"Tempo di lettura stimato\" \/>\n\t<meta name=\"twitter:data1\" content=\"2 minuti\" \/>\n<script type=\"application\/ld+json\" class=\"yoast-schema-graph\">{\"@context\":\"https:\\\/\\\/schema.org\",\"@graph\":[{\"@type\":\"WebPage\",\"@id\":\"https:\\\/\\\/massages-et-naissance.com\\\/it\\\/mass\\\/\",\"url\":\"https:\\\/\\\/massages-et-naissance.com\\\/it\\\/mass\\\/\",\"name\":\"Massaggio infantile\",\"isPartOf\":{\"@id\":\"https:\\\/\\\/massages-et-naissance.com\\\/#website\"},\"primaryImageOfPage\":{\"@id\":\"https:\\\/\\\/massages-et-naissance.com\\\/it\\\/mass\\\/#primaryimage\"},\"image\":{\"@id\":\"https:\\\/\\\/massages-et-naissance.com\\\/it\\\/mass\\\/#primaryimage\"},\"thumbnailUrl\":\"https:\\\/\\\/massages-et-naissance.com\\\/wp-content\\\/uploads\\\/2026\\\/03\\\/bebes-1024x536.jpg\",\"datePublished\":\"2026-04-05T09:33:27+00:00\",\"dateModified\":\"2026-04-07T12:45:26+00:00\",\"breadcrumb\":{\"@id\":\"https:\\\/\\\/massages-et-naissance.com\\\/it\\\/mass\\\/#breadcrumb\"},\"inLanguage\":\"it-IT\",\"potentialAction\":[{\"@type\":\"ReadAction\",\"target\":[\"https:\\\/\\\/massages-et-naissance.com\\\/it\\\/mass\\\/\"]}]},{\"@type\":\"ImageObject\",\"inLanguage\":\"it-IT\",\"@id\":\"https:\\\/\\\/massages-et-naissance.com\\\/it\\\/mass\\\/#primaryimage\",\"url\":\"https:\\\/\\\/massages-et-naissance.com\\\/wp-content\\\/uploads\\\/2026\\\/03\\\/bebes-1024x536.jpg\",\"contentUrl\":\"https:\\\/\\\/massages-et-naissance.com\\\/wp-content\\\/uploads\\\/2026\\\/03\\\/bebes-1024x536.jpg\"},{\"@type\":\"BreadcrumbList\",\"@id\":\"https:\\\/\\\/massages-et-naissance.com\\\/it\\\/mass\\\/#breadcrumb\",\"itemListElement\":[{\"@type\":\"ListItem\",\"position\":1,\"name\":\"Accueil\",\"item\":\"https:\\\/\\\/massages-et-naissance.com\\\/\"},{\"@type\":\"ListItem\",\"position\":2,\"name\":\"Massaggio infantile\"}]},{\"@type\":\"WebSite\",\"@id\":\"https:\\\/\\\/massages-et-naissance.com\\\/#website\",\"url\":\"https:\\\/\\\/massages-et-naissance.com\\\/\",\"name\":\"Massages &amp; Naissance\",\"description\":\"Nanou Mendels\",\"potentialAction\":[{\"@type\":\"SearchAction\",\"target\":{\"@type\":\"EntryPoint\",\"urlTemplate\":\"https:\\\/\\\/massages-et-naissance.com\\\/?s={search_term_string}\"},\"query-input\":{\"@type\":\"PropertyValueSpecification\",\"valueRequired\":true,\"valueName\":\"search_term_string\"}}],\"inLanguage\":\"it-IT\"}]}<\/script>\n<!-- \/ Yoast SEO plugin. -->","yoast_head_json":{"title":"Massaggio infantile","robots":{"index":"index","follow":"follow","max-snippet":"max-snippet:-1","max-image-preview":"max-image-preview:large","max-video-preview":"max-video-preview:-1"},"canonical":"https:\/\/massages-et-naissance.com\/it\/mass\/","og_locale":"it_IT","og_type":"article","og_title":"[:fr]Massage b\u00e9b\u00e9[:it]Massaggio infantile[:] - Massages &amp; Naissance","og_description":"Il massaggio infantile \u00e8 una pratica millenaria che permette di instaurare un legame affettivo e di ascoltare il linguaggio non verbale del bambino. Questa dolcezza trasmessa fin dalla prima infanzia offre al bambino un senso di sicurezza fondamentale per la vita. Il mio approccio combina tecniche di massaggio indiano, svedese e riflessologia, oltre a giochi [&hellip;]","og_url":"https:\/\/massages-et-naissance.com\/it\/mass\/","og_site_name":"Massages &amp; Naissance","article_modified_time":"2026-04-07T12:45:26+00:00","og_image":[{"width":1900,"height":995,"url":"https:\/\/massages-et-naissance.com\/wp-content\/uploads\/2026\/03\/bebes.jpg","type":"image\/jpeg"}],"twitter_card":"summary_large_image","twitter_misc":{"Tempo di lettura stimato":"2 minuti"},"schema":{"@context":"https:\/\/schema.org","@graph":[{"@type":"WebPage","@id":"https:\/\/massages-et-naissance.com\/it\/mass\/","url":"https:\/\/massages-et-naissance.com\/it\/mass\/","name":"Massaggio infantile","isPartOf":{"@id":"https:\/\/massages-et-naissance.com\/#website"},"primaryImageOfPage":{"@id":"https:\/\/massages-et-naissance.com\/it\/mass\/#primaryimage"},"image":{"@id":"https:\/\/massages-et-naissance.com\/it\/mass\/#primaryimage"},"thumbnailUrl":"https:\/\/massages-et-naissance.com\/wp-content\/uploads\/2026\/03\/bebes-1024x536.jpg","datePublished":"2026-04-05T09:33:27+00:00","dateModified":"2026-04-07T12:45:26+00:00","breadcrumb":{"@id":"https:\/\/massages-et-naissance.com\/it\/mass\/#breadcrumb"},"inLanguage":"it-IT","potentialAction":[{"@type":"ReadAction","target":["https:\/\/massages-et-naissance.com\/it\/mass\/"]}]},{"@type":"ImageObject","inLanguage":"it-IT","@id":"https:\/\/massages-et-naissance.com\/it\/mass\/#primaryimage","url":"https:\/\/massages-et-naissance.com\/wp-content\/uploads\/2026\/03\/bebes-1024x536.jpg","contentUrl":"https:\/\/massages-et-naissance.com\/wp-content\/uploads\/2026\/03\/bebes-1024x536.jpg"},{"@type":"BreadcrumbList","@id":"https:\/\/massages-et-naissance.com\/it\/mass\/#breadcrumb","itemListElement":[{"@type":"ListItem","position":1,"name":"Accueil","item":"https:\/\/massages-et-naissance.com\/"},{"@type":"ListItem","position":2,"name":"Massaggio infantile"}]},{"@type":"WebSite","@id":"https:\/\/massages-et-naissance.com\/#website","url":"https:\/\/massages-et-naissance.com\/","name":"Massages &amp; Naissance","description":"Nanou Mendels","potentialAction":[{"@type":"SearchAction","target":{"@type":"EntryPoint","urlTemplate":"https:\/\/massages-et-naissance.com\/?s={search_term_string}"},"query-input":{"@type":"PropertyValueSpecification","valueRequired":true,"valueName":"search_term_string"}}],"inLanguage":"it-IT"}]}},"_links":{"self":[{"href":"https:\/\/massages-et-naissance.com\/it\/wp-json\/wp\/v2\/pages\/649","targetHints":{"allow":["GET"]}}],"collection":[{"href":"https:\/\/massages-et-naissance.com\/it\/wp-json\/wp\/v2\/pages"}],"about":[{"href":"https:\/\/massages-et-naissance.com\/it\/wp-json\/wp\/v2\/types\/page"}],"author":[{"embeddable":true,"href":"https:\/\/massages-et-naissance.com\/it\/wp-json\/wp\/v2\/users\/2"}],"replies":[{"embeddable":true,"href":"https:\/\/massages-et-naissance.com\/it\/wp-json\/wp\/v2\/comments?post=649"}],"version-history":[{"count":12,"href":"https:\/\/massages-et-naissance.com\/it\/wp-json\/wp\/v2\/pages\/649\/revisions"}],"predecessor-version":[{"id":803,"href":"https:\/\/massages-et-naissance.com\/it\/wp-json\/wp\/v2\/pages\/649\/revisions\/803"}],"wp:attachment":[{"href":"https:\/\/massages-et-naissance.com\/it\/wp-json\/wp\/v2\/media?parent=649"}],"curies":[{"name":"wp","href":"https:\/\/api.w.org\/{rel}","templated":true}]}}