{"id":324,"date":"2026-03-17T14:21:24","date_gmt":"2026-03-17T13:21:24","guid":{"rendered":"https:\/\/massages-et-naissance.com\/?page_id=324"},"modified":"2026-04-05T22:45:22","modified_gmt":"2026-04-05T20:45:22","slug":"respiration-holotropique","status":"publish","type":"page","link":"https:\/\/massages-et-naissance.com\/it\/respiration-holotropique\/","title":{"rendered":"Respirazione olotropica"},"content":{"rendered":"\n<p class=\"has-text-color has-link-color wp-elements-090b8c1dd4ad11ce6179356d824a3179\" style=\"color:#7d6b54\"><\/p>\n\n\n\n<p class=\"has-text-color has-link-color wp-elements-5aeec0ac45b51011148e76c9e2f335c9\" style=\"color:#7d6b54\">In una sessione di Respi utilizziamo l&#8217;iperventilazione (come nel rebirth o nella respirazione olotropica), consentendo al paziente di entrare naturalmente in uno stato alterato di coscienza, affidandosi alla saggezza del corpo per guarire in modo naturale l&#8217;anima, la mente, il cuore e il corpo.<\/p>\n\n\n\n<p>La respirazione EMTE ha arricchito questo approccio attraverso l\u2019accompagnamento energetico delle ferite e delle difese presenti nei nostri corpi fisico, emotivo, mentale e spirituale.<\/p>\n\n\n\n<p>L\u2019esperienza, unica e specifica per ciascuno, pu\u00f2 essere di diversa natura:<\/p>\n\n\n\n<p>Ricordi legati al concepimento e alla nascita, alla prima infanzia, all\u2019adolescenza, ad altri tempi e luoghi, a sensazioni conosciute, a esperienze vissute\u2026<\/p>\n\n\n\n<p>Prendere coscienza e liberarsi da emozioni, dolori e blocchi fisici ed energetici<\/p>\n\n\n\n<p>Esperienze transpersonali come viaggi astrali, un senso di unit\u00e0, un&#8217;estasi mistica&#8230;<\/p>\n\n\n\n<p>\u00c8 un&#8217;occasione straordinaria per riconnettersi con ci\u00f2 che \u00e8, con la forza interiore che tutti possediamo, per purificarsi dai blocchi e dai sovraccarichi emotivi, per ritrovare una pace duratura, rimuovendo strati a volte sconosciuti per avvicinarsi alla propria essenza.<\/p>\n\n\n\n<p class=\"has-text-color has-link-color wp-elements-c559baf80ee3679d2314381261089864\" style=\"color:#7d6b54\">Tariffa: 1h30 90 \u20ac<\/p>\n\n\n\n<div class=\"wp-block-buttons is-layout-flex wp-block-buttons-is-layout-flex\">\n<div class=\"wp-block-button\"><a class=\"wp-block-button__link wp-element-button\" href=\"https:\/\/massages-et-naissance.com\/it\/contact-3\/\">Contattami<\/a><\/div>\n<\/div>\n\n\n\n<p><\/p>\n","protected":false},"excerpt":{"rendered":"<p>In una sessione di Respi utilizziamo l&#8217;iperventilazione (come nel rebirth o nella respirazione olotropica), consentendo al paziente di entrare naturalmente in uno stato alterato di coscienza, affidandosi alla saggezza del corpo per guarire in modo naturale l&#8217;anima, la mente, il cuore e il corpo. La respirazione EMTE ha arricchito questo approccio attraverso l\u2019accompagnamento energetico delle [&hellip;]<\/p>\n","protected":false},"author":2,"featured_media":294,"parent":0,"menu_order":0,"comment_status":"closed","ping_status":"closed","template":"","meta":{"footnotes":""},"class_list":["post-324","page","type-page","status-publish","has-post-thumbnail","hentry"],"yoast_head":"<!-- This site is optimized with the Yoast SEO plugin v27.3 - https:\/\/yoast.com\/product\/yoast-seo-wordpress\/ -->\n<title>Respirazione olotropica<\/title>\n<meta name=\"robots\" content=\"index, follow, max-snippet:-1, max-image-preview:large, max-video-preview:-1\" \/>\n<link rel=\"canonical\" href=\"https:\/\/massages-et-naissance.com\/it\/respiration-holotropique\/\" \/>\n<meta property=\"og:locale\" content=\"it_IT\" \/>\n<meta property=\"og:locale:alternate\" content=\"fr_FR\" \/>\n<meta property=\"og:type\" content=\"article\" \/>\n<meta property=\"og:title\" content=\"Respirazione olotropica\" \/>\n<meta property=\"og:description\" content=\"In una sessione di Respi utilizziamo l&#8217;iperventilazione (come nel rebirth o nella respirazione olotropica), consentendo al paziente di entrare naturalmente in uno stato alterato di coscienza, affidandosi alla saggezza del corpo per guarire in modo naturale l&#8217;anima, la mente, il cuore e il corpo. La respirazione EMTE ha arricchito questo approccio attraverso l\u2019accompagnamento energetico delle [&hellip;]\" \/>\n<meta property=\"og:url\" content=\"https:\/\/massages-et-naissance.com\/it\/respiration-holotropique\/\" \/>\n<meta property=\"og:site_name\" content=\"Massages &amp; Naissance\" \/>\n<meta property=\"article:modified_time\" content=\"2026-04-05T20:45:22+00:00\" \/>\n<meta property=\"og:image\" content=\"https:\/\/massages-et-naissance.com\/wp-content\/uploads\/2026\/03\/arbre-de-symbole-la-vie-sur-le-fond-structur-et-l-espace-yggdrasil-145936287.webp\" \/>\n\t<meta property=\"og:image:width\" content=\"800\" \/>\n\t<meta property=\"og:image:height\" content=\"547\" \/>\n\t<meta property=\"og:image:type\" content=\"image\/webp\" \/>\n<meta name=\"twitter:card\" content=\"summary_large_image\" \/>\n<meta name=\"twitter:label1\" content=\"Tempo di lettura stimato\" \/>\n\t<meta name=\"twitter:data1\" content=\"2 minuti\" \/>\n<script type=\"application\/ld+json\" class=\"yoast-schema-graph\">{\"@context\":\"https:\\\/\\\/schema.org\",\"@graph\":[{\"@type\":\"WebPage\",\"@id\":\"https:\\\/\\\/massages-et-naissance.com\\\/it\\\/respiration-holotropique\\\/\",\"url\":\"https:\\\/\\\/massages-et-naissance.com\\\/it\\\/respiration-holotropique\\\/\",\"name\":\"Respirazione olotropica\",\"isPartOf\":{\"@id\":\"https:\\\/\\\/massages-et-naissance.com\\\/#website\"},\"primaryImageOfPage\":{\"@id\":\"https:\\\/\\\/massages-et-naissance.com\\\/it\\\/respiration-holotropique\\\/#primaryimage\"},\"image\":{\"@id\":\"https:\\\/\\\/massages-et-naissance.com\\\/it\\\/respiration-holotropique\\\/#primaryimage\"},\"thumbnailUrl\":\"https:\\\/\\\/massages-et-naissance.com\\\/wp-content\\\/uploads\\\/2026\\\/03\\\/arbre-de-symbole-la-vie-sur-le-fond-structur-et-l-espace-yggdrasil-145936287.webp\",\"datePublished\":\"2026-03-17T13:21:24+00:00\",\"dateModified\":\"2026-04-05T20:45:22+00:00\",\"breadcrumb\":{\"@id\":\"https:\\\/\\\/massages-et-naissance.com\\\/it\\\/respiration-holotropique\\\/#breadcrumb\"},\"inLanguage\":\"it-IT\",\"potentialAction\":[{\"@type\":\"ReadAction\",\"target\":[\"https:\\\/\\\/massages-et-naissance.com\\\/it\\\/respiration-holotropique\\\/\"]}]},{\"@type\":\"ImageObject\",\"inLanguage\":\"it-IT\",\"@id\":\"https:\\\/\\\/massages-et-naissance.com\\\/it\\\/respiration-holotropique\\\/#primaryimage\",\"url\":\"https:\\\/\\\/massages-et-naissance.com\\\/wp-content\\\/uploads\\\/2026\\\/03\\\/arbre-de-symbole-la-vie-sur-le-fond-structur-et-l-espace-yggdrasil-145936287.webp\",\"contentUrl\":\"https:\\\/\\\/massages-et-naissance.com\\\/wp-content\\\/uploads\\\/2026\\\/03\\\/arbre-de-symbole-la-vie-sur-le-fond-structur-et-l-espace-yggdrasil-145936287.webp\",\"width\":800,\"height\":547,\"caption\":\"PSYCHO CORPOREL\"},{\"@type\":\"BreadcrumbList\",\"@id\":\"https:\\\/\\\/massages-et-naissance.com\\\/it\\\/respiration-holotropique\\\/#breadcrumb\",\"itemListElement\":[{\"@type\":\"ListItem\",\"position\":1,\"name\":\"Accueil\",\"item\":\"https:\\\/\\\/massages-et-naissance.com\\\/\"},{\"@type\":\"ListItem\",\"position\":2,\"name\":\"Respirazione olotropica\"}]},{\"@type\":\"WebSite\",\"@id\":\"https:\\\/\\\/massages-et-naissance.com\\\/#website\",\"url\":\"https:\\\/\\\/massages-et-naissance.com\\\/\",\"name\":\"Massages &amp; Naissance\",\"description\":\"Nanou Mendels\",\"potentialAction\":[{\"@type\":\"SearchAction\",\"target\":{\"@type\":\"EntryPoint\",\"urlTemplate\":\"https:\\\/\\\/massages-et-naissance.com\\\/?s={search_term_string}\"},\"query-input\":{\"@type\":\"PropertyValueSpecification\",\"valueRequired\":true,\"valueName\":\"search_term_string\"}}],\"inLanguage\":\"it-IT\"}]}<\/script>\n<!-- \/ Yoast SEO plugin. -->","yoast_head_json":{"title":"Respirazione olotropica","robots":{"index":"index","follow":"follow","max-snippet":"max-snippet:-1","max-image-preview":"max-image-preview:large","max-video-preview":"max-video-preview:-1"},"canonical":"https:\/\/massages-et-naissance.com\/it\/respiration-holotropique\/","og_locale":"it_IT","og_type":"article","og_title":"[:fr]Respiration holotropique[:it]Respirazione olotropica[:] - Massages &amp; Naissance","og_description":"In una sessione di Respi utilizziamo l&#8217;iperventilazione (come nel rebirth o nella respirazione olotropica), consentendo al paziente di entrare naturalmente in uno stato alterato di coscienza, affidandosi alla saggezza del corpo per guarire in modo naturale l&#8217;anima, la mente, il cuore e il corpo. La respirazione EMTE ha arricchito questo approccio attraverso l\u2019accompagnamento energetico delle [&hellip;]","og_url":"https:\/\/massages-et-naissance.com\/it\/respiration-holotropique\/","og_site_name":"Massages &amp; Naissance","article_modified_time":"2026-04-05T20:45:22+00:00","og_image":[{"width":800,"height":547,"url":"https:\/\/massages-et-naissance.com\/wp-content\/uploads\/2026\/03\/arbre-de-symbole-la-vie-sur-le-fond-structur-et-l-espace-yggdrasil-145936287.webp","type":"image\/webp"}],"twitter_card":"summary_large_image","twitter_misc":{"Tempo di lettura stimato":"2 minuti"},"schema":{"@context":"https:\/\/schema.org","@graph":[{"@type":"WebPage","@id":"https:\/\/massages-et-naissance.com\/it\/respiration-holotropique\/","url":"https:\/\/massages-et-naissance.com\/it\/respiration-holotropique\/","name":"Respirazione olotropica","isPartOf":{"@id":"https:\/\/massages-et-naissance.com\/#website"},"primaryImageOfPage":{"@id":"https:\/\/massages-et-naissance.com\/it\/respiration-holotropique\/#primaryimage"},"image":{"@id":"https:\/\/massages-et-naissance.com\/it\/respiration-holotropique\/#primaryimage"},"thumbnailUrl":"https:\/\/massages-et-naissance.com\/wp-content\/uploads\/2026\/03\/arbre-de-symbole-la-vie-sur-le-fond-structur-et-l-espace-yggdrasil-145936287.webp","datePublished":"2026-03-17T13:21:24+00:00","dateModified":"2026-04-05T20:45:22+00:00","breadcrumb":{"@id":"https:\/\/massages-et-naissance.com\/it\/respiration-holotropique\/#breadcrumb"},"inLanguage":"it-IT","potentialAction":[{"@type":"ReadAction","target":["https:\/\/massages-et-naissance.com\/it\/respiration-holotropique\/"]}]},{"@type":"ImageObject","inLanguage":"it-IT","@id":"https:\/\/massages-et-naissance.com\/it\/respiration-holotropique\/#primaryimage","url":"https:\/\/massages-et-naissance.com\/wp-content\/uploads\/2026\/03\/arbre-de-symbole-la-vie-sur-le-fond-structur-et-l-espace-yggdrasil-145936287.webp","contentUrl":"https:\/\/massages-et-naissance.com\/wp-content\/uploads\/2026\/03\/arbre-de-symbole-la-vie-sur-le-fond-structur-et-l-espace-yggdrasil-145936287.webp","width":800,"height":547,"caption":"PSYCHO CORPOREL"},{"@type":"BreadcrumbList","@id":"https:\/\/massages-et-naissance.com\/it\/respiration-holotropique\/#breadcrumb","itemListElement":[{"@type":"ListItem","position":1,"name":"Accueil","item":"https:\/\/massages-et-naissance.com\/"},{"@type":"ListItem","position":2,"name":"Respirazione olotropica"}]},{"@type":"WebSite","@id":"https:\/\/massages-et-naissance.com\/#website","url":"https:\/\/massages-et-naissance.com\/","name":"Massages &amp; Naissance","description":"Nanou Mendels","potentialAction":[{"@type":"SearchAction","target":{"@type":"EntryPoint","urlTemplate":"https:\/\/massages-et-naissance.com\/?s={search_term_string}"},"query-input":{"@type":"PropertyValueSpecification","valueRequired":true,"valueName":"search_term_string"}}],"inLanguage":"it-IT"}]}},"_links":{"self":[{"href":"https:\/\/massages-et-naissance.com\/it\/wp-json\/wp\/v2\/pages\/324","targetHints":{"allow":["GET"]}}],"collection":[{"href":"https:\/\/massages-et-naissance.com\/it\/wp-json\/wp\/v2\/pages"}],"about":[{"href":"https:\/\/massages-et-naissance.com\/it\/wp-json\/wp\/v2\/types\/page"}],"author":[{"embeddable":true,"href":"https:\/\/massages-et-naissance.com\/it\/wp-json\/wp\/v2\/users\/2"}],"replies":[{"embeddable":true,"href":"https:\/\/massages-et-naissance.com\/it\/wp-json\/wp\/v2\/comments?post=324"}],"version-history":[{"count":7,"href":"https:\/\/massages-et-naissance.com\/it\/wp-json\/wp\/v2\/pages\/324\/revisions"}],"predecessor-version":[{"id":711,"href":"https:\/\/massages-et-naissance.com\/it\/wp-json\/wp\/v2\/pages\/324\/revisions\/711"}],"wp:featuredmedia":[{"embeddable":true,"href":"https:\/\/massages-et-naissance.com\/it\/wp-json\/wp\/v2\/media\/294"}],"wp:attachment":[{"href":"https:\/\/massages-et-naissance.com\/it\/wp-json\/wp\/v2\/media?parent=324"}],"curies":[{"name":"wp","href":"https:\/\/api.w.org\/{rel}","templated":true}]}}