{"id":319,"date":"2026-03-17T14:15:15","date_gmt":"2026-03-17T13:15:15","guid":{"rendered":"https:\/\/massages-et-naissance.com\/?page_id=319"},"modified":"2026-04-07T18:36:08","modified_gmt":"2026-04-07T16:36:08","slug":"haptonomie-relationnelle","status":"publish","type":"page","link":"https:\/\/massages-et-naissance.com\/it\/haptonomie-relationnelle\/","title":{"rendered":"Aptonomia individuale"},"content":{"rendered":"\n<p class=\"has-text-color has-link-color wp-elements-47bfcf7969f72a02f418a7f048056bef\" style=\"color:#7d6b54\">L\u2019aptonomia, al di l\u00e0 dell\u2019accompagnamento perinatale, \u00e8 un approccio relazionale e affettivo profondo che trova la sua piena espressione in un contesto individuale.<\/p>\n\n\n\n<p>In qualit\u00e0 di aptonomista, la mia pratica offre uno spazio rassicurante in cui il tocco non \u00e8 solo fisico, ma anche un veicolo di riconoscimento di s\u00e9 e dell\u2019altro.<\/p>\n\n\n\n<p>Per chi \u00e8 alla ricerca di un maggiore benessere, questo metodo permette di riappropriarsi del proprio corpo con benevolenza, di ripristinare una sicurezza talvolta compromessa da esperienze dolorose o traumi.<\/p>\n\n\n\n<p>Attraverso il contatto aptonomico, giusto, presente e non invadente, la persona impara a delimitare meglio il proprio spazio vitale e a sentirsi pienamente presente in s\u00e9 stessa.<\/p>\n\n\n\n<p>Questo lavoro sensoriale aiuta a sciogliere le tensioni emotive impresse nel corpo, facilitando cos\u00ec una riconciliazione intima con il proprio corpo.<\/p>\n\n\n\n<p>Attraverso questa mediazione corporea, il paziente pu\u00f2 ritrovare una coerenza personale e placare le difficolt\u00e0 relazionali, partendo da quella solida base che \u00e8 la fiducia nelle proprie sensazioni.<\/p>\n\n\n\n<p>Si tratta di un percorso per ritrovare il proprio centro e aprirsi, con consapevolezza, al mondo esterno.<\/p>\n\n\n\n<p class=\"has-text-color has-link-color wp-elements-991b3630ef9a401537e233fe079e2a17\" style=\"color:#7d6b54\">Tariffa: 1 ora 70 \u20ac<\/p>\n\n\n\n<div class=\"wp-block-buttons is-layout-flex wp-block-buttons-is-layout-flex\">\n<div class=\"wp-block-button\"><a class=\"wp-block-button__link wp-element-button\" href=\"https:\/\/massages-et-naissance.com\/it\/contact-3\/\">Contattami<\/a><\/div>\n<\/div>\n\n\n\n<p><\/p>\n","protected":false},"excerpt":{"rendered":"<p>L\u2019aptonomia, al di l\u00e0 dell\u2019accompagnamento perinatale, \u00e8 un approccio relazionale e affettivo profondo che trova la sua piena espressione in un contesto individuale. In qualit\u00e0 di aptonomista, la mia pratica offre uno spazio rassicurante in cui il tocco non \u00e8 solo fisico, ma anche un veicolo di riconoscimento di s\u00e9 e dell\u2019altro. Per chi \u00e8 [&hellip;]<\/p>\n","protected":false},"author":2,"featured_media":305,"parent":0,"menu_order":0,"comment_status":"closed","ping_status":"closed","template":"","meta":{"footnotes":""},"class_list":["post-319","page","type-page","status-publish","has-post-thumbnail","hentry"],"yoast_head":"<!-- This site is optimized with the Yoast SEO plugin v27.3 - https:\/\/yoast.com\/product\/yoast-seo-wordpress\/ -->\n<title>Aptonomia individuale<\/title>\n<meta name=\"robots\" content=\"index, follow, max-snippet:-1, max-image-preview:large, max-video-preview:-1\" \/>\n<link rel=\"canonical\" href=\"https:\/\/massages-et-naissance.com\/it\/haptonomie-relationnelle\/\" \/>\n<meta property=\"og:locale\" content=\"it_IT\" \/>\n<meta property=\"og:locale:alternate\" content=\"fr_FR\" \/>\n<meta property=\"og:type\" content=\"article\" \/>\n<meta property=\"og:title\" content=\"Aptonomia individuale\" \/>\n<meta property=\"og:description\" content=\"L\u2019aptonomia, al di l\u00e0 dell\u2019accompagnamento perinatale, \u00e8 un approccio relazionale e affettivo profondo che trova la sua piena espressione in un contesto individuale. In qualit\u00e0 di aptonomista, la mia pratica offre uno spazio rassicurante in cui il tocco non \u00e8 solo fisico, ma anche un veicolo di riconoscimento di s\u00e9 e dell\u2019altro. Per chi \u00e8 [&hellip;]\" \/>\n<meta property=\"og:url\" content=\"https:\/\/massages-et-naissance.com\/it\/haptonomie-relationnelle\/\" \/>\n<meta property=\"og:site_name\" content=\"Massages &amp; Naissance\" \/>\n<meta property=\"article:modified_time\" content=\"2026-04-07T16:36:08+00:00\" \/>\n<meta property=\"og:image\" content=\"https:\/\/massages-et-naissance.com\/wp-content\/uploads\/2026\/03\/ethereal-natural-environment-scaled.jpg\" \/>\n\t<meta property=\"og:image:width\" content=\"2560\" \/>\n\t<meta property=\"og:image:height\" content=\"1707\" \/>\n\t<meta property=\"og:image:type\" content=\"image\/jpeg\" \/>\n<meta name=\"twitter:card\" content=\"summary_large_image\" \/>\n<meta name=\"twitter:label1\" content=\"Tempo di lettura stimato\" \/>\n\t<meta name=\"twitter:data1\" content=\"2 minuti\" \/>\n<script type=\"application\/ld+json\" class=\"yoast-schema-graph\">{\"@context\":\"https:\\\/\\\/schema.org\",\"@graph\":[{\"@type\":\"WebPage\",\"@id\":\"https:\\\/\\\/massages-et-naissance.com\\\/it\\\/haptonomie-relationnelle\\\/\",\"url\":\"https:\\\/\\\/massages-et-naissance.com\\\/it\\\/haptonomie-relationnelle\\\/\",\"name\":\"Aptonomia individuale\",\"isPartOf\":{\"@id\":\"https:\\\/\\\/massages-et-naissance.com\\\/#website\"},\"primaryImageOfPage\":{\"@id\":\"https:\\\/\\\/massages-et-naissance.com\\\/it\\\/haptonomie-relationnelle\\\/#primaryimage\"},\"image\":{\"@id\":\"https:\\\/\\\/massages-et-naissance.com\\\/it\\\/haptonomie-relationnelle\\\/#primaryimage\"},\"thumbnailUrl\":\"https:\\\/\\\/massages-et-naissance.com\\\/wp-content\\\/uploads\\\/2026\\\/03\\\/ethereal-natural-environment-scaled.jpg\",\"datePublished\":\"2026-03-17T13:15:15+00:00\",\"dateModified\":\"2026-04-07T16:36:08+00:00\",\"breadcrumb\":{\"@id\":\"https:\\\/\\\/massages-et-naissance.com\\\/it\\\/haptonomie-relationnelle\\\/#breadcrumb\"},\"inLanguage\":\"it-IT\",\"potentialAction\":[{\"@type\":\"ReadAction\",\"target\":[\"https:\\\/\\\/massages-et-naissance.com\\\/it\\\/haptonomie-relationnelle\\\/\"]}]},{\"@type\":\"ImageObject\",\"inLanguage\":\"it-IT\",\"@id\":\"https:\\\/\\\/massages-et-naissance.com\\\/it\\\/haptonomie-relationnelle\\\/#primaryimage\",\"url\":\"https:\\\/\\\/massages-et-naissance.com\\\/wp-content\\\/uploads\\\/2026\\\/03\\\/ethereal-natural-environment-scaled.jpg\",\"contentUrl\":\"https:\\\/\\\/massages-et-naissance.com\\\/wp-content\\\/uploads\\\/2026\\\/03\\\/ethereal-natural-environment-scaled.jpg\",\"width\":2560,\"height\":1707},{\"@type\":\"BreadcrumbList\",\"@id\":\"https:\\\/\\\/massages-et-naissance.com\\\/it\\\/haptonomie-relationnelle\\\/#breadcrumb\",\"itemListElement\":[{\"@type\":\"ListItem\",\"position\":1,\"name\":\"Accueil\",\"item\":\"https:\\\/\\\/massages-et-naissance.com\\\/\"},{\"@type\":\"ListItem\",\"position\":2,\"name\":\"Aptonomia individuale\"}]},{\"@type\":\"WebSite\",\"@id\":\"https:\\\/\\\/massages-et-naissance.com\\\/#website\",\"url\":\"https:\\\/\\\/massages-et-naissance.com\\\/\",\"name\":\"Massages &amp; Naissance\",\"description\":\"Nanou Mendels\",\"potentialAction\":[{\"@type\":\"SearchAction\",\"target\":{\"@type\":\"EntryPoint\",\"urlTemplate\":\"https:\\\/\\\/massages-et-naissance.com\\\/?s={search_term_string}\"},\"query-input\":{\"@type\":\"PropertyValueSpecification\",\"valueRequired\":true,\"valueName\":\"search_term_string\"}}],\"inLanguage\":\"it-IT\"}]}<\/script>\n<!-- \/ Yoast SEO plugin. -->","yoast_head_json":{"title":"Aptonomia individuale","robots":{"index":"index","follow":"follow","max-snippet":"max-snippet:-1","max-image-preview":"max-image-preview:large","max-video-preview":"max-video-preview:-1"},"canonical":"https:\/\/massages-et-naissance.com\/it\/haptonomie-relationnelle\/","og_locale":"it_IT","og_type":"article","og_title":"[:fr]Haptonomie clinique[:it]Aptonomia individuale[:] - Massages &amp; Naissance","og_description":"L\u2019aptonomia, al di l\u00e0 dell\u2019accompagnamento perinatale, \u00e8 un approccio relazionale e affettivo profondo che trova la sua piena espressione in un contesto individuale. In qualit\u00e0 di aptonomista, la mia pratica offre uno spazio rassicurante in cui il tocco non \u00e8 solo fisico, ma anche un veicolo di riconoscimento di s\u00e9 e dell\u2019altro. Per chi \u00e8 [&hellip;]","og_url":"https:\/\/massages-et-naissance.com\/it\/haptonomie-relationnelle\/","og_site_name":"Massages &amp; Naissance","article_modified_time":"2026-04-07T16:36:08+00:00","og_image":[{"width":2560,"height":1707,"url":"https:\/\/massages-et-naissance.com\/wp-content\/uploads\/2026\/03\/ethereal-natural-environment-scaled.jpg","type":"image\/jpeg"}],"twitter_card":"summary_large_image","twitter_misc":{"Tempo di lettura stimato":"2 minuti"},"schema":{"@context":"https:\/\/schema.org","@graph":[{"@type":"WebPage","@id":"https:\/\/massages-et-naissance.com\/it\/haptonomie-relationnelle\/","url":"https:\/\/massages-et-naissance.com\/it\/haptonomie-relationnelle\/","name":"Aptonomia individuale","isPartOf":{"@id":"https:\/\/massages-et-naissance.com\/#website"},"primaryImageOfPage":{"@id":"https:\/\/massages-et-naissance.com\/it\/haptonomie-relationnelle\/#primaryimage"},"image":{"@id":"https:\/\/massages-et-naissance.com\/it\/haptonomie-relationnelle\/#primaryimage"},"thumbnailUrl":"https:\/\/massages-et-naissance.com\/wp-content\/uploads\/2026\/03\/ethereal-natural-environment-scaled.jpg","datePublished":"2026-03-17T13:15:15+00:00","dateModified":"2026-04-07T16:36:08+00:00","breadcrumb":{"@id":"https:\/\/massages-et-naissance.com\/it\/haptonomie-relationnelle\/#breadcrumb"},"inLanguage":"it-IT","potentialAction":[{"@type":"ReadAction","target":["https:\/\/massages-et-naissance.com\/it\/haptonomie-relationnelle\/"]}]},{"@type":"ImageObject","inLanguage":"it-IT","@id":"https:\/\/massages-et-naissance.com\/it\/haptonomie-relationnelle\/#primaryimage","url":"https:\/\/massages-et-naissance.com\/wp-content\/uploads\/2026\/03\/ethereal-natural-environment-scaled.jpg","contentUrl":"https:\/\/massages-et-naissance.com\/wp-content\/uploads\/2026\/03\/ethereal-natural-environment-scaled.jpg","width":2560,"height":1707},{"@type":"BreadcrumbList","@id":"https:\/\/massages-et-naissance.com\/it\/haptonomie-relationnelle\/#breadcrumb","itemListElement":[{"@type":"ListItem","position":1,"name":"Accueil","item":"https:\/\/massages-et-naissance.com\/"},{"@type":"ListItem","position":2,"name":"Aptonomia individuale"}]},{"@type":"WebSite","@id":"https:\/\/massages-et-naissance.com\/#website","url":"https:\/\/massages-et-naissance.com\/","name":"Massages &amp; Naissance","description":"Nanou Mendels","potentialAction":[{"@type":"SearchAction","target":{"@type":"EntryPoint","urlTemplate":"https:\/\/massages-et-naissance.com\/?s={search_term_string}"},"query-input":{"@type":"PropertyValueSpecification","valueRequired":true,"valueName":"search_term_string"}}],"inLanguage":"it-IT"}]}},"_links":{"self":[{"href":"https:\/\/massages-et-naissance.com\/it\/wp-json\/wp\/v2\/pages\/319","targetHints":{"allow":["GET"]}}],"collection":[{"href":"https:\/\/massages-et-naissance.com\/it\/wp-json\/wp\/v2\/pages"}],"about":[{"href":"https:\/\/massages-et-naissance.com\/it\/wp-json\/wp\/v2\/types\/page"}],"author":[{"embeddable":true,"href":"https:\/\/massages-et-naissance.com\/it\/wp-json\/wp\/v2\/users\/2"}],"replies":[{"embeddable":true,"href":"https:\/\/massages-et-naissance.com\/it\/wp-json\/wp\/v2\/comments?post=319"}],"version-history":[{"count":12,"href":"https:\/\/massages-et-naissance.com\/it\/wp-json\/wp\/v2\/pages\/319\/revisions"}],"predecessor-version":[{"id":845,"href":"https:\/\/massages-et-naissance.com\/it\/wp-json\/wp\/v2\/pages\/319\/revisions\/845"}],"wp:featuredmedia":[{"embeddable":true,"href":"https:\/\/massages-et-naissance.com\/it\/wp-json\/wp\/v2\/media\/305"}],"wp:attachment":[{"href":"https:\/\/massages-et-naissance.com\/it\/wp-json\/wp\/v2\/media?parent=319"}],"curies":[{"name":"wp","href":"https:\/\/api.w.org\/{rel}","templated":true}]}}